{"id":332,"date":"2016-12-20T14:18:37","date_gmt":"2016-12-20T14:18:37","guid":{"rendered":"http:\/\/wp.dankov-theme.pro\/universal\/?page_id=332"},"modified":"2019-03-21T13:25:11","modified_gmt":"2019-03-21T13:25:11","slug":"servizi","status":"publish","type":"page","link":"https:\/\/www.studiodellamoda.com\/it\/servizi\/","title":{"rendered":"Servizi"},"content":{"rendered":"<p>[vc_row css=&#8221;.vc_custom_1543851032751{padding-top: 105px !important;padding-bottom: 105px !important;}&#8221;][vc_column][vc_row_inner][vc_column_inner]<div class=\"promo-block center \"><h3>I nostri servizi<\/h3><p>Studio della Moda si occupa dell&#039;intero processo di sviluppo e di realizzazione di collezioni abbigliamento ready to wear donna.<\/p>\r\n              <\/div>[\/vc_column_inner][\/vc_row_inner][vc_row_inner equal_height=&#8221;yes&#8221;][vc_column_inner width=&#8221;1\/3&#8243; css=&#8221;.vc_custom_1522139729977{margin-top: 50px !important;}&#8221;]<div class=\" fadeIn\" data-wow-delay=\"0.1s\">\r\n\t\t\t\t<div class=\"hi-icon-effect \"><div class=\"hi-icon image\"><a href=\"#\"><img src=\"https:\/\/www.studiodellamoda.com\/it\/wp-content\/uploads\/2018\/11\/CARTAMODELLI_70.png\" alt=\"\"><\/a><\/div><div class=\"service-name\">CARTAMODELLI<\/div>\r\n\t              \t<div class=\"service-text\">Linee e punti definiscono le forme e i volumi: realizzato su carta o in digitale, il cartamodello rende il disegno tridimensionale e reale, fornendo tutti i dati necessari per tagliare e confezionare il capo.<\/div>\r\n\t            <\/div>\r\n            <\/div>[vc_empty_space]<div class=\" fadeIn\" data-wow-delay=\"0.1s\">\r\n\t\t\t\t<div class=\"hi-icon-effect \"><div class=\"hi-icon image\"><a href=\"#\"><img src=\"https:\/\/www.studiodellamoda.com\/it\/wp-content\/uploads\/2018\/11\/INDUSTRIALIZZAZIONE_70.png\" alt=\"\"><\/a><\/div><div class=\"service-name\">INDUSTRIALIZZAZIONE<\/div>\r\n\t              \t<div class=\"service-text\">Per produrre capi destinati ai punti vendita, \u00e8 necessario approfondire tutte gli aspetti che caratterizzano il prodotto e applicare una logica commerciale a un capo di alta qualit\u00e0 mantenendo le caratteristiche artigianali.<\/div>\r\n\t            <\/div>\r\n            <\/div>[\/vc_column_inner][vc_column_inner width=&#8221;1\/3&#8243; css=&#8221;.vc_custom_1522139739728{margin-top: 50px !important;}&#8221;]<div class=\" fadeIn\" data-wow-delay=\"0.1s\">\r\n\t\t\t\t<div class=\"hi-icon-effect \"><div class=\"hi-icon image\"><a href=\"#\"><img src=\"https:\/\/www.studiodellamoda.com\/it\/wp-content\/uploads\/2019\/03\/PROTOTIPI_70_2.png\" alt=\"\"><\/a><\/div><div class=\"service-name\">PROTOTIPI<\/div>\r\n\t              \t<div class=\"service-text\">Attraverso i prototipi continua lo studio di stile, volumi e caratteristiche del capo. Il fitting \u00e8 il momento in cui si incontrano la visione del designer e la nostra capacit\u00e0 di interpretare le richieste del cliente.<\/div>\r\n\t            <\/div>\r\n            <\/div>[vc_empty_space]<div class=\" fadeIn\" data-wow-delay=\"0.1s\">\r\n\t\t\t\t<div class=\"hi-icon-effect \"><div class=\"hi-icon image\"><a href=\"#\"><img src=\"https:\/\/www.studiodellamoda.com\/it\/wp-content\/uploads\/2018\/11\/PRODUZIONE_70.png\" alt=\"\"><\/a><\/div><div class=\"service-name\">PRODUZIONE<\/div>\r\n\t              \t<div class=\"service-text\">Regole e programmazione, ma anche dinamicit\u00e0 ed elasticit\u00e0, cura e attenzione ai dettagli. Controllo qualit\u00e0 per garantire il livello e le tempistiche richieste, in tutte le fasi della produzione.<\/div>\r\n\t            <\/div>\r\n            <\/div>[\/vc_column_inner][vc_column_inner width=&#8221;1\/3&#8243; css=&#8221;.vc_custom_1522139747281{margin-top: 50px !important;}&#8221;]<div class=\" fadeIn\" data-wow-delay=\"0.1s\">\r\n\t\t\t\t<div class=\"hi-icon-effect \"><div class=\"hi-icon image\"><a href=\"#\"><img src=\"https:\/\/www.studiodellamoda.com\/it\/wp-content\/uploads\/2018\/11\/CAMPIONI_70.png\" alt=\"\"><\/a><\/div><div class=\"service-name\">CAMPIONI<\/div>\r\n\t              \t<div class=\"service-text\">Il campione finale rappresenta il Brand e ne rafforza l\u2019identit\u00e0, in ogni dettaglio. L\u2019alto standard qualitativo \u00e8 garantito dal know-how sartoriale, la specializzazione nel prodotto donna e l\u2019esperienza tecnica.<\/div>\r\n\t            <\/div>\r\n            <\/div>[vc_empty_space]<div class=\" fadeIn\" data-wow-delay=\"0.1s\">\r\n\t\t\t\t<div class=\"hi-icon-effect \"><div class=\"hi-icon image\"><a href=\"#\"><img src=\"https:\/\/www.studiodellamoda.com\/it\/wp-content\/uploads\/2018\/11\/VIP_70.png\" alt=\"\"><\/a><\/div><div class=\"service-name\">VIP<\/div>\r\n\t              \t<div class=\"service-text\">Le nostre radici nel ``su misura`` e l&#039;esperienza ventennale nel ready to wear si uniscono per accompagnare le star sul red carpet di eventi mondiali come il Festival di Cannes e la notte degli Oscar.<\/div>\r\n\t            <\/div>\r\n            <\/div>[\/vc_column_inner][\/vc_row_inner][\/vc_column][\/vc_row][vc_row][vc_column][vc_row_inner disable_element=&#8221;yes&#8221;][vc_column_inner width=&#8221;1\/3&#8243; css=&#8221;.vc_custom_1522140158629{margin-top: 50px !important;}&#8221;]<div class=\" fadeIn\" data-wow-delay=\"0.1s\">\r\n\t\t\t\t<div class=\"hi-icon-effect \"><div class=\"hi-icon\"><a href=\"#\"><i class=\"ion-ios-infinite-outline\"><\/i><\/a><\/div><div class=\"service-name\">INDUSTRIALIZZAZIONE<\/div>\r\n\t              \t<div class=\"service-text\">Per poter produrre i capi destinati ai punti vendita, \u00e8 necessario approfondire tutte gli aspetti che caratterizzano il prodotto e applicare una logica commerciale ad un capo di alta qualit\u00e0 con caratteristiche artigianali.<\/div>\r\n\t            <\/div>\r\n            <\/div>[\/vc_column_inner][vc_column_inner width=&#8221;1\/3&#8243;]<div class=\" fadeIn\" data-wow-delay=\"0.1s\">\r\n\t\t\t\t<div class=\"hi-icon-effect \"><div class=\"hi-icon\"><a href=\"#\"><i class=\"ion-ios-sunny-outline\"><\/i><\/a><\/div><div class=\"service-name\">PRODUZIONE<\/div>\r\n\t              \t<div class=\"service-text\">Regole e programmazione, ma anche dinamicit\u00e0 ed elasticit\u00e0. Controllo qualit\u00e0 in tutte le fasi per garantire il livello e le tempistiche richiesti.<\/div>\r\n\t            <\/div>\r\n            <\/div>[\/vc_column_inner][vc_column_inner width=&#8221;1\/3&#8243;]<div class=\" fadeIn\" data-wow-delay=\"0.1s\">\r\n\t\t\t\t<div class=\"hi-icon-effect \"><div class=\"hi-icon image\"><a href=\"#\"><img src=\"https:\/\/www.studiodellamoda.com\/it\/wp-content\/uploads\/2018\/11\/VIP_70.png\" alt=\"\"><\/a><\/div><div class=\"service-name\">VIP<\/div>\r\n\t              \t<div class=\"service-text\">Le nostre radici nel ``su misura`` e l&#039;esperienza ventennale nel ready to wear si uniscono per eventi mondiali e red carpet.<\/div>\r\n\t            <\/div>\r\n            <\/div>[\/vc_column_inner][\/vc_row_inner][\/vc_column][\/vc_row][vc_row][vc_column][vc_separator][\/vc_column][\/vc_row][vc_row parallax=&#8221;content-moving&#8221; parallax_image=&#8221;2139&#8243; parallax_speed_bg=&#8221;2.5&#8243; css=&#8221;.vc_custom_1552986580832{padding-top: 70px !important;padding-right: 70px !important;padding-bottom: 70px !important;padding-left: 70px !important;}&#8221;][vc_column][vc_row_inner][vc_column_inner]<div class=\"promo-block center \"><h3>Perch\u00e9 sceglierci?<\/h3><p><\/p>\r\n              <\/div>[vc_column_text]Diamo vita alle idee, concretizzando ogni progetto, dal cartamodello al campionario completo, alla produzione. Passione, esperienza e tecnologia sono i nostri punti di forza e di garanzia per la produzione di capi di alto livello qualitativo. Il know-how acquisito, unito all\u2019aggiornamento continuo, consentono un&#8217;attenzione costante alle esigenze del cliente, con efficienza e qualit\u00e0 in tutte le fasi del progetto. Rappresentiamo il Brand con coerenza e identit\u00e0, fornendo supporto a 360\u00b0 in merito a costruzioni, volumi e finiture.[\/vc_column_text][\/vc_column_inner][\/vc_row_inner][\/vc_column][\/vc_row][vc_row full_width=&#8221;stretch_row&#8221; css=&#8221;.vc_custom_1543851094982{margin-top: 50px !important;border-top-width: 1px !important;padding-top: 45px !important;padding-bottom: 45px !important;border-top-color: #eeeeee !important;border-top-style: solid !important;}&#8221;][vc_column][vc_row_inner][vc_column_inner width=&#8221;5\/6&#8243;][vc_column_text]<\/p>\n<h3 class=\"no-pad\">Seguici su Instagram!<\/h3>\n<p>[\/vc_column_text][\/vc_column_inner][vc_column_inner el_class=&#8221;text-right&#8221; width=&#8221;1\/6&#8243;]<a class=\"pheromone_vc_button\" data-title-color-hover=\"#ffffff\" data-bg-color-hover=\"rgba(24,25,27,0.65)\" data-border-c-hover=\"\"  href=\"https:\/\/www.instagram.com\/studiodellamoda\/\" target=\"_blank\" style=\"display:inline-block; font-size:12px; line-heigth:12px; color:#ffffff; background-color:#18191b; padding:7px 12px; margin:; border-width:0px; border-style:solid; border-color:; border-radius:0\">INSTAGRAM<\/a>[\/vc_column_inner][\/vc_row_inner][\/vc_column][\/vc_row]<\/p>\n","protected":false},"excerpt":{"rendered":"<p>[vc_row css=&#8221;.vc_custom_1543851032751{padding-top: 105px !important;padding-bottom: 105px !important;}&#8221;][vc_column][vc_row_inner][vc_column_inner][\/vc_column_inner][\/vc_row_inner][vc_row_inner equal_height=&#8221;yes&#8221;][vc_column_inner width=&#8221;1\/3&#8243; css=&#8221;.vc_custom_1522139729977{margin-top: 50px !important;}&#8221;][vc_empty_space][\/vc_column_inner][vc_column_inner width=&#8221;1\/3&#8243; css=&#8221;.vc_custom_1522139739728{margin-top: 50px !important;}&#8221;][vc_empty_space][\/vc_column_inner][vc_column_inner width=&#8221;1\/3&#8243; css=&#8221;.vc_custom_1522139747281{margin-top: 50px !important;}&#8221;][vc_empty_space][\/vc_column_inner][\/vc_row_inner][\/vc_column][\/vc_row][vc_row][vc_column][vc_row_inner disable_element=&#8221;yes&#8221;][vc_column_inner width=&#8221;1\/3&#8243; css=&#8221;.vc_custom_1522140158629{margin-top: 50px !important;}&#8221;][\/vc_column_inner][vc_column_inner width=&#8221;1\/3&#8243;][\/vc_column_inner][vc_column_inner width=&#8221;1\/3&#8243;][\/vc_column_inner][\/vc_row_inner][\/vc_column][\/vc_row][vc_row][vc_column][vc_separator][\/vc_column][\/vc_row][vc_row parallax=&#8221;content-moving&#8221; parallax_image=&#8221;2139&#8243; parallax_speed_bg=&#8221;2.5&#8243; css=&#8221;.vc_custom_1552986580832{padding-top: 70px !important;padding-right: 70px !important;padding-bottom: 70px !important;padding-left: 70px !important;}&#8221;][vc_column][vc_row_inner][vc_column_inner][vc_column_text]Diamo vita alle idee, concretizzando ogni progetto, dal cartamodello al campionario completo, alla produzione. Passione, esperienza e tecnologia&#8230;<\/p>\n","protected":false},"author":1,"featured_media":2428,"parent":0,"menu_order":0,"comment_status":"closed","ping_status":"closed","template":"visual-composer.php","meta":{"footnotes":""},"yoast_head":"<!-- This site is optimized with the Yoast SEO plugin v22.6 - https:\/\/yoast.com\/wordpress\/plugins\/seo\/ -->\n<title>Servizi - Studio della Moda<\/title>\n<meta name=\"robots\" content=\"index, follow, max-snippet:-1, max-image-preview:large, max-video-preview:-1\" \/>\n<link rel=\"canonical\" href=\"https:\/\/www.studiodellamoda.com\/it\/servizi\/\" \/>\n<meta property=\"og:locale\" content=\"en_US\" \/>\n<meta property=\"og:type\" content=\"article\" \/>\n<meta property=\"og:title\" content=\"Servizi - Studio della Moda\" \/>\n<meta property=\"og:description\" content=\"[vc_row css=&#8221;.vc_custom_1543851032751{padding-top: 105px !important;padding-bottom: 105px !important;}&#8221;][vc_column][vc_row_inner][vc_column_inner][\/vc_column_inner][\/vc_row_inner][vc_row_inner equal_height=&#8221;yes&#8221;][vc_column_inner width=&#8221;1\/3&#8243; css=&#8221;.vc_custom_1522139729977{margin-top: 50px !important;}&#8221;][vc_empty_space][\/vc_column_inner][vc_column_inner width=&#8221;1\/3&#8243; css=&#8221;.vc_custom_1522139739728{margin-top: 50px !important;}&#8221;][vc_empty_space][\/vc_column_inner][vc_column_inner width=&#8221;1\/3&#8243; css=&#8221;.vc_custom_1522139747281{margin-top: 50px !important;}&#8221;][vc_empty_space][\/vc_column_inner][\/vc_row_inner][\/vc_column][\/vc_row][vc_row][vc_column][vc_row_inner disable_element=&#8221;yes&#8221;][vc_column_inner width=&#8221;1\/3&#8243; css=&#8221;.vc_custom_1522140158629{margin-top: 50px !important;}&#8221;][\/vc_column_inner][vc_column_inner width=&#8221;1\/3&#8243;][\/vc_column_inner][vc_column_inner width=&#8221;1\/3&#8243;][\/vc_column_inner][\/vc_row_inner][\/vc_column][\/vc_row][vc_row][vc_column][vc_separator][\/vc_column][\/vc_row][vc_row parallax=&#8221;content-moving&#8221; parallax_image=&#8221;2139&#8243; parallax_speed_bg=&#8221;2.5&#8243; css=&#8221;.vc_custom_1552986580832{padding-top: 70px !important;padding-right: 70px !important;padding-bottom: 70px !important;padding-left: 70px !important;}&#8221;][vc_column][vc_row_inner][vc_column_inner][vc_column_text]Diamo vita alle idee, concretizzando ogni progetto, dal cartamodello al campionario completo, alla produzione. Passione, esperienza e tecnologia...\" \/>\n<meta property=\"og:url\" content=\"https:\/\/www.studiodellamoda.com\/it\/servizi\/\" \/>\n<meta property=\"og:site_name\" content=\"Studio della Moda\" \/>\n<meta property=\"article:modified_time\" content=\"2019-03-21T13:25:11+00:00\" \/>\n<meta property=\"og:image\" content=\"https:\/\/www.studiodellamoda.com\/it\/wp-content\/uploads\/2019\/03\/DSCF3799.jpg\" \/>\n\t<meta property=\"og:image:width\" content=\"1920\" \/>\n\t<meta property=\"og:image:height\" content=\"1280\" \/>\n\t<meta property=\"og:image:type\" content=\"image\/jpeg\" \/>\n<meta name=\"twitter:card\" content=\"summary_large_image\" \/>\n<meta name=\"twitter:label1\" content=\"Est. reading time\" \/>\n\t<meta name=\"twitter:data1\" content=\"4 minutes\" \/>\n<script type=\"application\/ld+json\" class=\"yoast-schema-graph\">{\"@context\":\"https:\/\/schema.org\",\"@graph\":[{\"@type\":\"WebPage\",\"@id\":\"https:\/\/www.studiodellamoda.com\/it\/servizi\/\",\"url\":\"https:\/\/www.studiodellamoda.com\/it\/servizi\/\",\"name\":\"Servizi - Studio della Moda\",\"isPartOf\":{\"@id\":\"https:\/\/www.studiodellamoda.com\/it\/#website\"},\"primaryImageOfPage\":{\"@id\":\"https:\/\/www.studiodellamoda.com\/it\/servizi\/#primaryimage\"},\"image\":{\"@id\":\"https:\/\/www.studiodellamoda.com\/it\/servizi\/#primaryimage\"},\"thumbnailUrl\":\"https:\/\/www.studiodellamoda.com\/it\/wp-content\/uploads\/2019\/03\/DSCF3799.jpg\",\"datePublished\":\"2016-12-20T14:18:37+00:00\",\"dateModified\":\"2019-03-21T13:25:11+00:00\",\"breadcrumb\":{\"@id\":\"https:\/\/www.studiodellamoda.com\/it\/servizi\/#breadcrumb\"},\"inLanguage\":\"en-US\",\"potentialAction\":[{\"@type\":\"ReadAction\",\"target\":[\"https:\/\/www.studiodellamoda.com\/it\/servizi\/\"]}]},{\"@type\":\"ImageObject\",\"inLanguage\":\"en-US\",\"@id\":\"https:\/\/www.studiodellamoda.com\/it\/servizi\/#primaryimage\",\"url\":\"https:\/\/www.studiodellamoda.com\/it\/wp-content\/uploads\/2019\/03\/DSCF3799.jpg\",\"contentUrl\":\"https:\/\/www.studiodellamoda.com\/it\/wp-content\/uploads\/2019\/03\/DSCF3799.jpg\",\"width\":1920,\"height\":1280},{\"@type\":\"BreadcrumbList\",\"@id\":\"https:\/\/www.studiodellamoda.com\/it\/servizi\/#breadcrumb\",\"itemListElement\":[{\"@type\":\"ListItem\",\"position\":1,\"name\":\"Home\",\"item\":\"https:\/\/www.studiodellamoda.com\/it\/\"},{\"@type\":\"ListItem\",\"position\":2,\"name\":\"Servizi\"}]},{\"@type\":\"WebSite\",\"@id\":\"https:\/\/www.studiodellamoda.com\/it\/#website\",\"url\":\"https:\/\/www.studiodellamoda.com\/it\/\",\"name\":\"Studio della Moda\",\"description\":\"Fashion Lab\",\"potentialAction\":[{\"@type\":\"SearchAction\",\"target\":{\"@type\":\"EntryPoint\",\"urlTemplate\":\"https:\/\/www.studiodellamoda.com\/it\/?s={search_term_string}\"},\"query-input\":\"required name=search_term_string\"}],\"inLanguage\":\"en-US\"}]}<\/script>\n<!-- \/ Yoast SEO plugin. -->","yoast_head_json":{"title":"Servizi - Studio della Moda","robots":{"index":"index","follow":"follow","max-snippet":"max-snippet:-1","max-image-preview":"max-image-preview:large","max-video-preview":"max-video-preview:-1"},"canonical":"https:\/\/www.studiodellamoda.com\/it\/servizi\/","og_locale":"en_US","og_type":"article","og_title":"Servizi - Studio della Moda","og_description":"[vc_row css=&#8221;.vc_custom_1543851032751{padding-top: 105px !important;padding-bottom: 105px !important;}&#8221;][vc_column][vc_row_inner][vc_column_inner][\/vc_column_inner][\/vc_row_inner][vc_row_inner equal_height=&#8221;yes&#8221;][vc_column_inner width=&#8221;1\/3&#8243; css=&#8221;.vc_custom_1522139729977{margin-top: 50px !important;}&#8221;][vc_empty_space][\/vc_column_inner][vc_column_inner width=&#8221;1\/3&#8243; css=&#8221;.vc_custom_1522139739728{margin-top: 50px !important;}&#8221;][vc_empty_space][\/vc_column_inner][vc_column_inner width=&#8221;1\/3&#8243; css=&#8221;.vc_custom_1522139747281{margin-top: 50px !important;}&#8221;][vc_empty_space][\/vc_column_inner][\/vc_row_inner][\/vc_column][\/vc_row][vc_row][vc_column][vc_row_inner disable_element=&#8221;yes&#8221;][vc_column_inner width=&#8221;1\/3&#8243; css=&#8221;.vc_custom_1522140158629{margin-top: 50px !important;}&#8221;][\/vc_column_inner][vc_column_inner width=&#8221;1\/3&#8243;][\/vc_column_inner][vc_column_inner width=&#8221;1\/3&#8243;][\/vc_column_inner][\/vc_row_inner][\/vc_column][\/vc_row][vc_row][vc_column][vc_separator][\/vc_column][\/vc_row][vc_row parallax=&#8221;content-moving&#8221; parallax_image=&#8221;2139&#8243; parallax_speed_bg=&#8221;2.5&#8243; css=&#8221;.vc_custom_1552986580832{padding-top: 70px !important;padding-right: 70px !important;padding-bottom: 70px !important;padding-left: 70px !important;}&#8221;][vc_column][vc_row_inner][vc_column_inner][vc_column_text]Diamo vita alle idee, concretizzando ogni progetto, dal cartamodello al campionario completo, alla produzione. Passione, esperienza e tecnologia...","og_url":"https:\/\/www.studiodellamoda.com\/it\/servizi\/","og_site_name":"Studio della Moda","article_modified_time":"2019-03-21T13:25:11+00:00","og_image":[{"width":1920,"height":1280,"url":"https:\/\/www.studiodellamoda.com\/it\/wp-content\/uploads\/2019\/03\/DSCF3799.jpg","type":"image\/jpeg"}],"twitter_card":"summary_large_image","twitter_misc":{"Est. reading time":"4 minutes"},"schema":{"@context":"https:\/\/schema.org","@graph":[{"@type":"WebPage","@id":"https:\/\/www.studiodellamoda.com\/it\/servizi\/","url":"https:\/\/www.studiodellamoda.com\/it\/servizi\/","name":"Servizi - Studio della Moda","isPartOf":{"@id":"https:\/\/www.studiodellamoda.com\/it\/#website"},"primaryImageOfPage":{"@id":"https:\/\/www.studiodellamoda.com\/it\/servizi\/#primaryimage"},"image":{"@id":"https:\/\/www.studiodellamoda.com\/it\/servizi\/#primaryimage"},"thumbnailUrl":"https:\/\/www.studiodellamoda.com\/it\/wp-content\/uploads\/2019\/03\/DSCF3799.jpg","datePublished":"2016-12-20T14:18:37+00:00","dateModified":"2019-03-21T13:25:11+00:00","breadcrumb":{"@id":"https:\/\/www.studiodellamoda.com\/it\/servizi\/#breadcrumb"},"inLanguage":"en-US","potentialAction":[{"@type":"ReadAction","target":["https:\/\/www.studiodellamoda.com\/it\/servizi\/"]}]},{"@type":"ImageObject","inLanguage":"en-US","@id":"https:\/\/www.studiodellamoda.com\/it\/servizi\/#primaryimage","url":"https:\/\/www.studiodellamoda.com\/it\/wp-content\/uploads\/2019\/03\/DSCF3799.jpg","contentUrl":"https:\/\/www.studiodellamoda.com\/it\/wp-content\/uploads\/2019\/03\/DSCF3799.jpg","width":1920,"height":1280},{"@type":"BreadcrumbList","@id":"https:\/\/www.studiodellamoda.com\/it\/servizi\/#breadcrumb","itemListElement":[{"@type":"ListItem","position":1,"name":"Home","item":"https:\/\/www.studiodellamoda.com\/it\/"},{"@type":"ListItem","position":2,"name":"Servizi"}]},{"@type":"WebSite","@id":"https:\/\/www.studiodellamoda.com\/it\/#website","url":"https:\/\/www.studiodellamoda.com\/it\/","name":"Studio della Moda","description":"Fashion Lab","potentialAction":[{"@type":"SearchAction","target":{"@type":"EntryPoint","urlTemplate":"https:\/\/www.studiodellamoda.com\/it\/?s={search_term_string}"},"query-input":"required name=search_term_string"}],"inLanguage":"en-US"}]}},"_links":{"self":[{"href":"https:\/\/www.studiodellamoda.com\/it\/wp-json\/wp\/v2\/pages\/332"}],"collection":[{"href":"https:\/\/www.studiodellamoda.com\/it\/wp-json\/wp\/v2\/pages"}],"about":[{"href":"https:\/\/www.studiodellamoda.com\/it\/wp-json\/wp\/v2\/types\/page"}],"author":[{"embeddable":true,"href":"https:\/\/www.studiodellamoda.com\/it\/wp-json\/wp\/v2\/users\/1"}],"replies":[{"embeddable":true,"href":"https:\/\/www.studiodellamoda.com\/it\/wp-json\/wp\/v2\/comments?post=332"}],"version-history":[{"count":58,"href":"https:\/\/www.studiodellamoda.com\/it\/wp-json\/wp\/v2\/pages\/332\/revisions"}],"predecessor-version":[{"id":2418,"href":"https:\/\/www.studiodellamoda.com\/it\/wp-json\/wp\/v2\/pages\/332\/revisions\/2418"}],"wp:featuredmedia":[{"embeddable":true,"href":"https:\/\/www.studiodellamoda.com\/it\/wp-json\/wp\/v2\/media\/2428"}],"wp:attachment":[{"href":"https:\/\/www.studiodellamoda.com\/it\/wp-json\/wp\/v2\/media?parent=332"}],"curies":[{"name":"wp","href":"https:\/\/api.w.org\/{rel}","templated":true}]}}